{"id":4,"date":"2010-09-18T14:43:40","date_gmt":"2010-09-18T12:43:40","guid":{"rendered":"http:\/\/edublog.me\/klassenblog\/"},"modified":"2010-09-18T23:03:02","modified_gmt":"2010-09-18T21:03:02","slug":"aboutimpressum","status":"publish","type":"page","link":"https:\/\/edublog.me\/klassenblog\/aboutimpressum\/","title":{"rendered":"About \/ Impressum"},"content":{"rendered":"<p>Ich bin Referendarin an einer Gewerbeschule Gesundheit in Hamburg und m\u00f6chte dieses Blog nutzen, um meinen Unterricht in Wirtschaft und Gesellschaft zu begleiten. Es soll den Sch\u00fclern und Sch\u00fclerinnen die Gelegenheit geben, sich mit vereinzelten unterrichtsbegleitenden Material auch au\u00dferhalb des Unterrichts auseinander zu setzen. Alle LeserInnen lade ich herzlich ein, sich zu beteiligen und ein bisschen zu st\u00f6bern&#8230;<\/p>\n<p>Dieser Blog \u201eWirtschaft und Gesellschaft\u201c wird betrieben von:<br \/>\nStefanie Appelt<br \/>\nWiesenstrasse 39<br \/>\n20255 Hamburg<\/p>\n<p>Bildquelle f\u00fcr das Headerbild: <a href=\"http:\/\/www.flickr.com\/photos\/ezs\/73575061\/\">&#8220;Bundestag&#8221; Eduardo Zotes Sarmiento bei flickr<\/a><\/p>\n","protected":false},"excerpt":{"rendered":"<p>Ich bin Referendarin an einer Gewerbeschule Gesundheit in Hamburg und m\u00f6chte dieses Blog nutzen, um meinen Unterricht in Wirtschaft und Gesellschaft zu begleiten. Es soll den Sch\u00fclern und Sch\u00fclerinnen die Gelegenheit geben, sich mit vereinzelten unterrichtsbegleitenden Material auch au\u00dferhalb des &hellip; <a href=\"https:\/\/edublog.me\/klassenblog\/aboutimpressum\/\">Weiterlesen <span class=\"meta-nav\">&rarr;<\/span><\/a><\/p>\n","protected":false},"author":2,"featured_media":0,"parent":0,"menu_order":0,"comment_status":"open","ping_status":"open","template":"","meta":{"footnotes":""},"class_list":["post-4","page","type-page","status-publish","hentry"],"_links":{"self":[{"href":"https:\/\/edublog.me\/klassenblog\/wp-json\/wp\/v2\/pages\/4","targetHints":{"allow":["GET"]}}],"collection":[{"href":"https:\/\/edublog.me\/klassenblog\/wp-json\/wp\/v2\/pages"}],"about":[{"href":"https:\/\/edublog.me\/klassenblog\/wp-json\/wp\/v2\/types\/page"}],"author":[{"embeddable":true,"href":"https:\/\/edublog.me\/klassenblog\/wp-json\/wp\/v2\/users\/2"}],"replies":[{"embeddable":true,"href":"https:\/\/edublog.me\/klassenblog\/wp-json\/wp\/v2\/comments?post=4"}],"version-history":[{"count":7,"href":"https:\/\/edublog.me\/klassenblog\/wp-json\/wp\/v2\/pages\/4\/revisions"}],"predecessor-version":[{"id":24,"href":"https:\/\/edublog.me\/klassenblog\/wp-json\/wp\/v2\/pages\/4\/revisions\/24"}],"wp:attachment":[{"href":"https:\/\/edublog.me\/klassenblog\/wp-json\/wp\/v2\/media?parent=4"}],"curies":[{"name":"wp","href":"https:\/\/api.w.org\/{rel}","templated":true}]}}