{"id":100,"date":"2015-08-26T21:45:53","date_gmt":"2015-08-26T19:45:53","guid":{"rendered":"http:\/\/medienpraxisabend.de\/?page_id=100"},"modified":"2015-08-26T21:45:53","modified_gmt":"2015-08-26T19:45:53","slug":"selbst-aktiv-werden","status":"publish","type":"page","link":"https:\/\/edublog.me\/mpa\/selbst-aktiv-werden\/","title":{"rendered":"Selbst aktiv werden"},"content":{"rendered":"<p>Wenn Du auch Lust hast einen Medien-Praxis-Abend zu veranstalten, dann hoffen wir Dir mit dieser Seite, dem <a href=\"http:\/\/medienpraxisabend.de\/index.php\/konzept\/\">Konzept<\/a>, den Vorschl\u00e4gen f\u00fcr <a href=\"http:\/\/medienpraxisabend.de\/index.php\/stationen\/\">Stationen<\/a> und den <a href=\"http:\/\/medienpraxisabend.de\/index.php\/material\/\">Materialien<\/a> einen guten Ausgangspunkt zu liefern.<br \/>\nVielleicht hast Du Lust Deinen Medien-Praxis-Abend anschlie\u00dfend auch hier zu dokumentieren und Deinen Teilnehmerinnen und Teilnehmern spezifische Links und andere Informationen zur Verf\u00fcgung zu stellen.<\/p>\n<p>Wir w\u00fcrden uns sehr freuen Deinen Bericht hier zu ver\u00f6ffentlichen! Ebenso stehen wir bei Fragen zur Organisation zur Verf\u00fcgung.<\/p>\n<p>Wenn was ist, <a href=\"http:\/\/medienpraxisabend.de\/index.php\/ueber-uns\/\">melde Dich bei uns!<\/a><\/p>\n","protected":false},"excerpt":{"rendered":"<p>Wenn Du auch Lust hast einen Medien-Praxis-Abend zu veranstalten, dann hoffen wir Dir mit dieser Seite, dem Konzept, den Vorschl\u00e4gen f\u00fcr Stationen und den Materialien einen guten Ausgangspunkt zu liefern. Vielleicht hast Du Lust Deinen Medien-Praxis-Abend anschlie\u00dfend auch hier zu<\/p>\n","protected":false},"author":1,"featured_media":0,"parent":0,"menu_order":0,"comment_status":"closed","ping_status":"closed","template":"page-templates\/template-contact.php","meta":{"footnotes":""},"class_list":["post-100","page","type-page","status-publish","hentry"],"_links":{"self":[{"href":"https:\/\/edublog.me\/mpa\/wp-json\/wp\/v2\/pages\/100","targetHints":{"allow":["GET"]}}],"collection":[{"href":"https:\/\/edublog.me\/mpa\/wp-json\/wp\/v2\/pages"}],"about":[{"href":"https:\/\/edublog.me\/mpa\/wp-json\/wp\/v2\/types\/page"}],"author":[{"embeddable":true,"href":"https:\/\/edublog.me\/mpa\/wp-json\/wp\/v2\/users\/1"}],"replies":[{"embeddable":true,"href":"https:\/\/edublog.me\/mpa\/wp-json\/wp\/v2\/comments?post=100"}],"version-history":[{"count":0,"href":"https:\/\/edublog.me\/mpa\/wp-json\/wp\/v2\/pages\/100\/revisions"}],"wp:attachment":[{"href":"https:\/\/edublog.me\/mpa\/wp-json\/wp\/v2\/media?parent=100"}],"curies":[{"name":"wp","href":"https:\/\/api.w.org\/{rel}","templated":true}]}}