{"id":151,"date":"2015-08-28T11:16:12","date_gmt":"2015-08-28T09:16:12","guid":{"rendered":"http:\/\/medienpraxisabend.de\/?page_id=151"},"modified":"2015-08-28T11:16:12","modified_gmt":"2015-08-28T09:16:12","slug":"minecraft","status":"publish","type":"page","link":"https:\/\/edublog.me\/mpa\/stationen\/minecraft\/","title":{"rendered":"Minecraft"},"content":{"rendered":"<div class=\"alignright\">[toc]<\/div>\n<h2>Beschreibung<\/h2>\n<p>Minecraft ist das Lego der digitalen Welt. Mit ein wenig \u00dcbung ist es m\u00f6glich sehr komplexe Geb\u00e4ude umzusetzen. Minecraft l\u00e4sst sich sowohl auf dem Tablet als auch auf dem PC\/Laptop\/Mac spielen. Besonders interessant f\u00fcr den p\u00e4dagogischen Einsatz von Minecraft ist die M\u00f6glichkeit kollaborativ die Welt zu gestalten. Erfahrungsgem\u00e4\u00df sorgt das sowohl f\u00fcr Streit als auch f\u00fcr gemeinsame Erfolgserlebnisse. Wer sich nicht an Verabredungen h\u00e4lt und die Geb\u00e4ude der Anderen zerst\u00f6rt zieht den \u00c4rger der Anderen auf sich, wenn das gemeinsame Ziel erreicht ist und ein gro\u00dfes Bauvorhaben beendet ist, ist die Gruppe stolz auf sich &#8211; wie im richtigen Leben.<\/p>\n<h2>Ziele<\/h2>\n<ul>\n<li>Viele Kinder k\u00f6nnen sich stundenlang in die Minecraft-Welten vertiefen. F\u00fcr die meisten eltern ist es aber nicht mehr als ein Computerspiel. Minecraft selber spielen sollte helfen, die negative Konnotation von Computerspielen aufzul\u00f6sen.<\/li>\n<li>Die Eltern sollten die Faszination, die die meisten Kinder beim bauen von Objekten versp\u00fcren, nachempfinden<\/li>\n<li>Die Eltern sollten einsch\u00e4tzen lernen, welche Fertigkeiten die Kinder erlangen m\u00fcssen, um das Spiel spielen zu k\u00f6nnen. In der Reflektion wurde dar\u00fcber gesprochen, wo solche Fertigkeiten im Alltag eine Rolle spielen<\/li>\n<\/ul>\n<h2>Erforderliches Material<\/h2>\n<h3>Hardware<\/h3>\n<p>Minecraft kann auf einem Smartphone oder Tablet gespielt werden oder auf einem PC\/Mac. Beide Spiele unterscheiden sich stark voneinander. Die mobilen Versionen sind letztendlich abgespeckte Ableger der Hauptversion f\u00fcr Computer.<\/p>\n<h3>Apps<\/h3>\n<ul>\n<li><a href=\"https:\/\/play.google.com\/store\/apps\/details?id=com.mojang.minecraftpe&amp;hl=de\">App f\u00fcr Android-Ger\u00e4te<\/a>\u00a0(6,99 \u20ac, aber daf\u00fcr mit allen Steinen und Funktionen, geht aber auch kostenlos)<\/li>\n<li><a href=\"https:\/\/itunes.apple.com\/de\/app\/minecraft-pocket-edition\/id479516143?mt=8\">App f\u00fcr Apple-Ger\u00e4te<\/a> (6,99 \u20ac, aber daf\u00fcr mit allen Steinen und Funktionen, geht aber auch kostenlos)<\/li>\n<li><a href=\"https:\/\/minecraft.net\/store\/minecraft\">Software f\u00fcr PC\/Laptop\/Mac<\/a> (19,95 \u20ac, setzt einen Mojang Account voraus)<\/li>\n<li><a href=\"http:\/\/minecraftedu.com\/software\">Version, die f\u00fcr die Schule entwickelt wurde<\/a><\/li>\n<\/ul>\n<p>&nbsp;<\/p>\n<h2>Ideen f\u00fcr die Umsetzung<\/h2>\n<p>W\u00e4hrend des Medienpraxisabends war ein Beamer mit einem Apple TV aufgebaut, um die gemeinsame Arbeit an Objekten f\u00fcr alle sichtbar zu machen, die nicht auf ein Tablet schauen konnten. Das war gleichzeitig auch der Eyecatcher, der die Eltern in den Raum zog um zu verstehen, wie Minecraft funktioniert.<br \/>\nMinecraft f\u00fcr Eltern erkl\u00e4rt:<\/p>\n<p><iframe width=\"710\" height=\"533\" src=\"https:\/\/www.youtube.com\/embed\/Qb7y8eH66p0?feature=oembed\" frameborder=\"0\" allowfullscreen><\/iframe><\/p>\n<p>Mit Minecraft die Schule nachbauen<\/p>\n<p><iframe width=\"710\" height=\"399\" src=\"https:\/\/www.youtube.com\/embed\/-tDK7Oy1pog?feature=oembed\" frameborder=\"0\" allowfullscreen><\/iframe><\/p>\n<p>Hier hat eine Kinder\/Jugendgruppe mit\u00a0Minecraft zum Thema, wie wollen wir leben gearbeitet:<\/p>\n<p><iframe width=\"710\" height=\"399\" src=\"https:\/\/www.youtube.com\/embed\/Yx4uzNZVfMU?feature=oembed\" frameborder=\"0\" allowfullscreen><\/iframe><\/p>\n<h2>Hinweise<\/h2>\n<h3>Bild von minecraftenden Eltern<\/h3>\n<p><a href=\"http:\/\/fischlakerschule.de\/wp-content\/uploads\/2015\/03\/20141128_201053.jpg\"><img fetchpriority=\"high\" decoding=\"async\" class=\"alignnone size-medium wp-image-621905\" src=\"http:\/\/fischlakerschule.de\/wp-content\/uploads\/2015\/03\/20141128_201053-300x225.jpg\" alt=\"20141128_201053\" width=\"300\" height=\"225\" \/><\/a><\/p>\n<h3>Weiterf\u00fchrende Links<\/h3>\n<p>Gedanken \u00fcber Minecraft im Unterricht:<\/p>\n<h3>Artikel<\/h3>\n<ul>\n<li><a href=\"http:\/\/www.spielbar.de\/neu\/2015\/01\/faszination-minecraft\/\">Minecraft, mehr als nur ein paar Bl\u00f6cke<\/a><\/li>\n<li><a href=\"http:\/\/www.spieleratgeber-nrw.de\/index.php?siteid=3093\">p\u00e4dagogischer Spieleratgeber NRW zu Minecraft<\/a><\/li>\n<\/ul>\n","protected":false},"excerpt":{"rendered":"<p>[toc] Beschreibung Minecraft ist das Lego der digitalen Welt. Mit ein wenig \u00dcbung ist es m\u00f6glich sehr komplexe Geb\u00e4ude umzusetzen. Minecraft l\u00e4sst sich sowohl auf dem Tablet als auch auf dem PC\/Laptop\/Mac spielen. Besonders interessant f\u00fcr den p\u00e4dagogischen Einsatz von<\/p>\n","protected":false},"author":85,"featured_media":0,"parent":68,"menu_order":0,"comment_status":"closed","ping_status":"closed","template":"","meta":{"footnotes":""},"class_list":["post-151","page","type-page","status-publish","hentry"],"_links":{"self":[{"href":"https:\/\/edublog.me\/mpa\/wp-json\/wp\/v2\/pages\/151","targetHints":{"allow":["GET"]}}],"collection":[{"href":"https:\/\/edublog.me\/mpa\/wp-json\/wp\/v2\/pages"}],"about":[{"href":"https:\/\/edublog.me\/mpa\/wp-json\/wp\/v2\/types\/page"}],"author":[{"embeddable":true,"href":"https:\/\/edublog.me\/mpa\/wp-json\/wp\/v2\/users\/85"}],"replies":[{"embeddable":true,"href":"https:\/\/edublog.me\/mpa\/wp-json\/wp\/v2\/comments?post=151"}],"version-history":[{"count":0,"href":"https:\/\/edublog.me\/mpa\/wp-json\/wp\/v2\/pages\/151\/revisions"}],"up":[{"embeddable":true,"href":"https:\/\/edublog.me\/mpa\/wp-json\/wp\/v2\/pages\/68"}],"wp:attachment":[{"href":"https:\/\/edublog.me\/mpa\/wp-json\/wp\/v2\/media?parent=151"}],"curies":[{"name":"wp","href":"https:\/\/api.w.org\/{rel}","templated":true}]}}