{"id":159,"date":"2015-08-30T20:38:00","date_gmt":"2015-08-30T18:38:00","guid":{"rendered":"http:\/\/medienpraxisabend.de\/?page_id=159"},"modified":"2015-08-30T20:38:00","modified_gmt":"2015-08-30T18:38:00","slug":"cardboard","status":"publish","type":"page","link":"https:\/\/edublog.me\/mpa\/stationen\/cardboard\/","title":{"rendered":"Cardboard"},"content":{"rendered":"<p><a href=\"http:\/\/edublog.me\/mpa\/files\/2015\/08\/cardboard.jpg\"><img fetchpriority=\"high\" decoding=\"async\" class=\"alignright size-medium wp-image-53\" src=\"http:\/\/edublog.me\/mpa\/files\/2015\/08\/cardboard-300x225.jpg\" alt=\"cardboard\" width=\"300\" height=\"225\" srcset=\"https:\/\/edublog.me\/mpa\/files\/2015\/08\/cardboard-300x225.jpg 300w, https:\/\/edublog.me\/mpa\/files\/2015\/08\/cardboard-768x576.jpg 768w, https:\/\/edublog.me\/mpa\/files\/2015\/08\/cardboard.jpg 800w\" sizes=\"(max-width: 300px) 100vw, 300px\" \/><\/a><a href=\"http:\/\/www.google.com\/get\/cardboard\/\">Cardboard<\/a>\u00a0war eigentlich eher als Spielerei im Workshop gedacht. Genau so war es auch. Dieses kleine Pappgestell erm\u00f6glichte es, auf einfache Art das eigene Smartphone mit der passenden App in eine Achterbahn und \u00e4hnliches zu verwandeln.<br \/>\nWelche Apps sich hierf\u00fcr eignen, hat wieder einmal Guido Brombach\u00a0<a href=\"http:\/\/www.google.com\/get\/cardboard\/\">in einem Blogbeitrag zusammengefasst<\/a>.<\/p>\n","protected":false},"excerpt":{"rendered":"<p>Cardboard\u00a0war eigentlich eher als Spielerei im Workshop gedacht. Genau so war es auch. Dieses kleine Pappgestell erm\u00f6glichte es, auf einfache Art das eigene Smartphone mit der passenden App in eine Achterbahn und \u00e4hnliches zu verwandeln. Welche Apps sich hierf\u00fcr eignen,<\/p>\n","protected":false},"author":1,"featured_media":53,"parent":68,"menu_order":0,"comment_status":"closed","ping_status":"closed","template":"","meta":{"footnotes":""},"class_list":["post-159","page","type-page","status-publish","has-post-thumbnail","hentry"],"_links":{"self":[{"href":"https:\/\/edublog.me\/mpa\/wp-json\/wp\/v2\/pages\/159","targetHints":{"allow":["GET"]}}],"collection":[{"href":"https:\/\/edublog.me\/mpa\/wp-json\/wp\/v2\/pages"}],"about":[{"href":"https:\/\/edublog.me\/mpa\/wp-json\/wp\/v2\/types\/page"}],"author":[{"embeddable":true,"href":"https:\/\/edublog.me\/mpa\/wp-json\/wp\/v2\/users\/1"}],"replies":[{"embeddable":true,"href":"https:\/\/edublog.me\/mpa\/wp-json\/wp\/v2\/comments?post=159"}],"version-history":[{"count":0,"href":"https:\/\/edublog.me\/mpa\/wp-json\/wp\/v2\/pages\/159\/revisions"}],"up":[{"embeddable":true,"href":"https:\/\/edublog.me\/mpa\/wp-json\/wp\/v2\/pages\/68"}],"wp:featuredmedia":[{"embeddable":true,"href":"https:\/\/edublog.me\/mpa\/wp-json\/wp\/v2\/media\/53"}],"wp:attachment":[{"href":"https:\/\/edublog.me\/mpa\/wp-json\/wp\/v2\/media?parent=159"}],"curies":[{"name":"wp","href":"https:\/\/api.w.org\/{rel}","templated":true}]}}