{"id":204,"date":"2015-09-06T12:22:02","date_gmt":"2015-09-06T10:22:02","guid":{"rendered":"http:\/\/medienpraxisabend.de\/?page_id=204"},"modified":"2015-09-06T12:22:02","modified_gmt":"2015-09-06T10:22:02","slug":"evaluation","status":"publish","type":"page","link":"https:\/\/edublog.me\/mpa\/konzept\/evaluation\/","title":{"rendered":"Evaluation"},"content":{"rendered":"<p>Der erste Medienpraxisabend an der <a href=\"http:\/\/medienpraxisabend.de\/2015\/08\/der-medienpraxisabend-an-der-fischlaker-grundschule\/\">Fischlaker Schule<\/a> war Bestandteil einer medienp\u00e4dagogischen Veranstaltung der Uni Duisburg-Essen. Die angehenden Erziehungswissenschaftler_innen m\u00fcssen als Teil ihres Studiums ein eigenes Medienprojekt umsetzen. Aus diesem Grund war f\u00fcr die erste Durchf\u00fchrung eine Evaluation konzipiert worden. Teile der Ergebnisse sollen an dieser Stelle ver\u00f6ffentlicht werden:<\/p>\n<p>Grundgesamtheit der Befragten: 33 Eltern<\/p>\n<p>1. Um herauszufinden, ob die H\u00fcrde, die durch Bring your own Device entstanden ist, von den teilnehmenden Eltern auch \u00fcbersprungen werden konnte, wollten wir wissen, wer bereit ist, ein eigenes Ger\u00e4t f\u00fcr diesen Abend mitzubringen. Jeder der\/die kam, hat etwas mitgebracht, die Auswertung zeigt, welche Ger\u00e4te vor Ort waren:<br \/>\n<a href=\"http:\/\/edublog.me\/mpa\/files\/2015\/09\/Bildschirmfoto-2015-09-06-um-12.04.58.png\"><img fetchpriority=\"high\" decoding=\"async\" class=\"alignnone wp-image-208 size-full\" src=\"http:\/\/edublog.me\/mpa\/files\/2015\/09\/Bildschirmfoto-2015-09-06-um-12.04.58.png\" alt=\"BYOD-Evauluation\" width=\"747\" height=\"458\" srcset=\"https:\/\/edublog.me\/mpa\/files\/2015\/09\/Bildschirmfoto-2015-09-06-um-12.04.58.png 747w, https:\/\/edublog.me\/mpa\/files\/2015\/09\/Bildschirmfoto-2015-09-06-um-12.04.58-300x184.png 300w\" sizes=\"(max-width: 747px) 100vw, 747px\" \/><\/a><\/p>\n<p>2.\u00a0Die Erwartungshaltung deckte sich recht gut mit den konzeptionellen Zielen:<\/p>\n<ul>\n<li>Input, neue ideen<\/li>\n<li>&#8220;Apps kennen lernen\u00a0Anregungen f\u00fcr Lernen f\u00fcr Kinder bekommen\u00a0Neue Technik kennen lernen&#8221;<\/li>\n<li>App f\u00fcr Kinder erfahren<\/li>\n<li>&#8220;Hohe Erwartungen, da Studenten beteiligt sind&#8221;<\/li>\n<li>keine genauen, war einfach neugierig<\/li>\n<li>offene Erwartungen<\/li>\n<li>neugierig, was es sinnvolles in der Medienwelt f\u00fcr kinder gibt<\/li>\n<li>Information \u00fcber Internetangebot f\u00fcr Kinder<\/li>\n<li>Praxisbezug, learning by doing<\/li>\n<li>keine, nur neugierig<\/li>\n<li>Lernen, was man damit tolles machen kann<\/li>\n<li>&#8220;Neue Apps ausprobieren&#8221;<\/li>\n<li>Interessante Apps f\u00fcr Kinder kennenzulernen, tipps f\u00fcr Datenschutz<\/li>\n<li>Inspiration zu M\u00f6glichkeiten \u00fcber das Spielen hinaus zu bekommen.<\/li>\n<li>&#8220;Was muss ich bei Kindern besonders ber\u00fccksichtigen Kann ich Richtiges von Falschem unterscheiden?&#8221;<\/li>\n<li>&#8220;Austausch mit anderen Eltern Apps kennen lernen&#8221;<\/li>\n<li>&#8220;neues erfahren aus der Welt der Medien Umgang mit den neuen Medien bei Kindern&#8221;<\/li>\n<\/ul>\n<p>3. Die verschiedenen Angebote w\u00e4hrend des Abends wurden als solche wahrgenommen. Es gab jedoch besondere Lieblinge:<\/p>\n<p><a href=\"http:\/\/edublog.me\/mpa\/files\/2015\/09\/Bildschirmfoto-2015-09-06-um-12.05.30.png\"><img decoding=\"async\" class=\"alignnone wp-image-205 size-full\" src=\"http:\/\/edublog.me\/mpa\/files\/2015\/09\/Bildschirmfoto-2015-09-06-um-12.05.30.png\" alt=\"was hat besonders gut gefallen\" width=\"748\" height=\"459\" srcset=\"https:\/\/edublog.me\/mpa\/files\/2015\/09\/Bildschirmfoto-2015-09-06-um-12.05.30.png 748w, https:\/\/edublog.me\/mpa\/files\/2015\/09\/Bildschirmfoto-2015-09-06-um-12.05.30-300x184.png 300w\" sizes=\"(max-width: 748px) 100vw, 748px\" \/><\/a><\/p>\n<p>4. Wir wollten au\u00dferdem wissen,\u00a0ob sich die Einstellung zu digitalen Medien ver\u00e4ndert hat:<\/p>\n<p><a href=\"http:\/\/edublog.me\/mpa\/files\/2015\/09\/Bildschirmfoto-2015-09-06-um-12.05.08.png\"><img decoding=\"async\" class=\"alignnone size-full wp-image-207\" src=\"http:\/\/edublog.me\/mpa\/files\/2015\/09\/Bildschirmfoto-2015-09-06-um-12.05.08.png\" alt=\"hat sich deine Meinung zum Umgang mit digitalen Medien ver\u00e4ndern\" width=\"748\" height=\"459\" srcset=\"https:\/\/edublog.me\/mpa\/files\/2015\/09\/Bildschirmfoto-2015-09-06-um-12.05.08.png 748w, https:\/\/edublog.me\/mpa\/files\/2015\/09\/Bildschirmfoto-2015-09-06-um-12.05.08-300x184.png 300w\" sizes=\"(max-width: 748px) 100vw, 748px\" \/><\/a><\/p>\n<p>5. Ausserdem haben sich die Eltern dazu ge\u00e4u\u00dfert, welche der vorgestellten Tools sie zu Hause mit ihren Kindern ausprobieren wollen:<\/p>\n<p><a href=\"http:\/\/edublog.me\/mpa\/files\/2015\/09\/Bildschirmfoto-2015-09-06-um-12.05.22.png\"><img loading=\"lazy\" decoding=\"async\" class=\"alignnone size-full wp-image-206\" src=\"http:\/\/edublog.me\/mpa\/files\/2015\/09\/Bildschirmfoto-2015-09-06-um-12.05.22.png\" alt=\"Was wird in den n\u00e4chsten Tage zusammen mit den Kindern umgesetzt\" width=\"749\" height=\"461\" srcset=\"https:\/\/edublog.me\/mpa\/files\/2015\/09\/Bildschirmfoto-2015-09-06-um-12.05.22.png 749w, https:\/\/edublog.me\/mpa\/files\/2015\/09\/Bildschirmfoto-2015-09-06-um-12.05.22-300x185.png 300w\" sizes=\"(max-width: 749px) 100vw, 749px\" \/><\/a><\/p>\n<p>&nbsp;<\/p>\n<p>6. Die Eltern hatten aber auch einige Hinweise f\u00fcr nachfolgende Elternabende:<\/p>\n<ul>\n<li>&#8220;schade, dass nur wenige Leute da waren. Hat Spa\u00df gemacht, danke&#8221;<\/li>\n<li>Alles war sehr interressant!<\/li>\n<li>Es w\u00e4re besser zu sehen, wie jemand wirklich Minecraft spielen kann.<\/li>\n<li>In der Ank\u00fcndigung w\u00e4re es nett gewesen, zu wissen, dass es nur um digitale Welten geht. Medien sind f\u00fcr meine Begriffe mehr als nur das.<\/li>\n<li>Mehr Infos bzw. Fachaustausch\/-Input zum Thema Sicherheit f\u00fcr Kinder im Internet bzw. im Umgang mit den Medien<\/li>\n<\/ul>\n","protected":false},"excerpt":{"rendered":"<p>Der erste Medienpraxisabend an der Fischlaker Schule war Bestandteil einer medienp\u00e4dagogischen Veranstaltung der Uni Duisburg-Essen. Die angehenden Erziehungswissenschaftler_innen m\u00fcssen als Teil ihres Studiums ein eigenes Medienprojekt umsetzen. Aus diesem Grund war f\u00fcr die erste Durchf\u00fchrung eine Evaluation konzipiert worden. Teile<\/p>\n","protected":false},"author":85,"featured_media":0,"parent":64,"menu_order":0,"comment_status":"closed","ping_status":"closed","template":"","meta":{"footnotes":""},"class_list":["post-204","page","type-page","status-publish","hentry"],"_links":{"self":[{"href":"https:\/\/edublog.me\/mpa\/wp-json\/wp\/v2\/pages\/204","targetHints":{"allow":["GET"]}}],"collection":[{"href":"https:\/\/edublog.me\/mpa\/wp-json\/wp\/v2\/pages"}],"about":[{"href":"https:\/\/edublog.me\/mpa\/wp-json\/wp\/v2\/types\/page"}],"author":[{"embeddable":true,"href":"https:\/\/edublog.me\/mpa\/wp-json\/wp\/v2\/users\/85"}],"replies":[{"embeddable":true,"href":"https:\/\/edublog.me\/mpa\/wp-json\/wp\/v2\/comments?post=204"}],"version-history":[{"count":0,"href":"https:\/\/edublog.me\/mpa\/wp-json\/wp\/v2\/pages\/204\/revisions"}],"up":[{"embeddable":true,"href":"https:\/\/edublog.me\/mpa\/wp-json\/wp\/v2\/pages\/64"}],"wp:attachment":[{"href":"https:\/\/edublog.me\/mpa\/wp-json\/wp\/v2\/media?parent=204"}],"curies":[{"name":"wp","href":"https:\/\/api.w.org\/{rel}","templated":true}]}}