{"id":86,"date":"2015-08-25T00:22:54","date_gmt":"2015-08-24T22:22:54","guid":{"rendered":"http:\/\/medienpraxisabend.de\/?page_id=86"},"modified":"2015-08-25T00:22:54","modified_gmt":"2015-08-24T22:22:54","slug":"makeymakey","status":"publish","type":"page","link":"https:\/\/edublog.me\/mpa\/stationen\/makeymakey\/","title":{"rendered":"MakeyMakey"},"content":{"rendered":"<div class=\"alignright\">[toc]<\/div>\n<h2>Beschreibung<\/h2>\n<p>Viel st\u00e4rker als bei den anderen medienp\u00e4dagogischen Ans\u00e4tzen steht bei dem Einsatz des Makey Makey das Machen bzw. das Erfinden im Mittelpunkt der T\u00e4tigkeit. Es beginnt meist mit einer vorgegebenen Installation, die durch Optimierungen so weit ver\u00e4ndert wird, bis etwas anderes entsteht. Beim Elternabend hatten wir leider nur die M\u00f6glichkeit, bestehende Installationen auszuprobieren. Wenn man aber einen Nachmittag mit den Kindern gemeinsam verbringt, wird sich dieser Effekt sehr bald einstellen.<\/p>\n<h2>Ziele<\/h2>\n<ul>\n<li>Die meisten Computer sehen von innen nicht anders aus, als der MakeyMakey. Die Eltern sollten eine Vorstellung von einem Computer bekommen und Ber\u00fchrungs\u00e4ngste verlieren<\/li>\n<li>&#8220;Mensch-Maschine-Schnittstellen&#8221; kennenlernen und selbst gestalten<\/li>\n<\/ul>\n<h2>Erforderliches Material<\/h2>\n<ul>\n<li><a href=\"http:\/\/www.amazon.de\/Makey-Makey-TTMM-170017-US-MaKey\/dp\/B008SFLEPE\/ref=sr_1_1?ie=UTF8&amp;qid=1427058711&amp;sr=8-1&amp;keywords=makey+makey\">Makeymakey<\/a><\/li>\n<li><a href=\"http:\/\/www.amazon.de\/M%C3%A4rklin-7101-Kabel-blau-10\/dp\/B0002HYJDU\/ref=sr_1_21?ie=UTF8&amp;qid=1416005165&amp;sr=8-21&amp;keywords=elektro+kabel\">10 m Kabelrolle<\/a>. Ich empfehle sehr d\u00fcnnes Kabel, wie es auch schon beim Makey in unzureichender Menge beiliegt. Vor allem, wenn man R\u00e4ume interaktiv machen will, kommt man um lange Kabel nicht rum.<\/li>\n<li><span class=\"name\"><a href=\"http:\/\/www.amazon.de\/McCheck-Krokoklemmen-Satz-GT-1810-10-teilig-Kabell%C3%A4nge\/dp\/B002EJ8TYE\/ref=pd_sim_k_3?ie=UTF8&amp;refRID=1J63YXZX34CKX8BCRFEX\">Weitere Bananenstecker<\/a>. Auch davon gibt es zu wenig im Starterpaket<\/span><\/li>\n<li><span class=\"name\">Knete von Play-Doh wegen der Leitf\u00e4higkeit, oder aber ihr versucht <a href=\"http:\/\/gibro.de\/blogs\/medienprojekt14\/?p=383\">das Rezept der Studierenden<\/a>\u00a0zusammen zu mischen<\/span><\/li>\n<li><span class=\"name\">Alufolie hilft, Fl\u00e4chen leitf\u00e4hig zu machen<\/span><\/li>\n<li><span class=\"name\"><a href=\"http:\/\/www.amazon.de\/InLine-Antistatik-Handgelenk-Manschette-55553\/dp\/B000KKIE4Y\/ref=sr_1_2?ie=UTF8&amp;qid=1415950381&amp;sr=8-2&amp;keywords=erdungsarmband\">Erdungsarmband<\/a>. Ohne Erde wird das Makey nicht funktionieren. Bei den bisherigen Eins\u00e4tzen hat sich gezeigt, dass Armb\u00e4nder, das St\u00fcck Bequemlichkeit garantieren, dass nicht von der kreativen Energie abflie\u00dfen sollte<\/span><\/li>\n<\/ul>\n<h2>Anleitung zur Umsetzung<\/h2>\n<p>Zum Einstieg reicht der Verweis auf die <a href=\"http:\/\/makeymakey.com\/howto.php\">Anleitung<\/a>. Hier werden die Nutzenden mit hilfreichen Bildern an die Hand genommen und k\u00f6nnen sich die Funktion des makey selbst erschlie\u00dfen.<\/p>\n<p>Im besten Fall ist die Station durch eine helfende Hand betreut. Er\/sie kann die Teilnehmenden ein wenig einf\u00fchren, damit sie sich \u00fcberhaupt an die Platine heranwagen.<\/p>\n<p>Sobald die Gruppe das Konzept verstanden hat, kann sie alleine gelassen werden und f\u00e4ngt nach allen bisherigen Erfahrungen an selbst zu experimentieren.<\/p>\n<h2>Hinweise<\/h2>\n<h3>Beispielhaftes Ergebnis<\/h3>\n\n<p>Und dann gab es auch noch ein Video:<\/p>\n<p><iframe width=\"710\" height=\"399\" src=\"https:\/\/www.youtube.com\/embed\/zGi0q_TH778?feature=oembed\" frameborder=\"0\" allowfullscreen><\/iframe><\/p>\n<h3>Weiterf\u00fchrende Links\/ Ideensammlung<\/h3>\n<p>Neben dem Steuern von Computerspielen kann man mit den MakeyMakeys nat\u00fcrlich noch jede Menge andere Dinge anstellen, ob man das Klassen- oder Kinderzimmer in ein Musikinstrument verwandelt, ob man <a href=\"https:\/\/youtu.be\/OpmH9-SMcJg\">Lego zu einem Musikinstrument<\/a> werden l\u00e4sst oder ob man <a href=\"https:\/\/youtu.be\/RLTOjFQHpOA\">interaktive St\u00fchle<\/a> baut, der Fantasie sind keine Grenzen gesetzt. Das Prinzip des Makeys ist dabei schnell durchschaut und l\u00e4sst sich auf viele andere Alltagsgegenst\u00e4nde anwenden, die den Strom leiten. Die Entwickler_innen des Makeys haben auf ihrer <a href=\"http:\/\/makeymakey.com\/gallery\/\">Seite eine beeindruckende Sammlung<\/a> an Beispielen zusammengestellt.<\/p>\n<ul>\n<li>Macht sehr viel Spass mit dem MakeyMakey:\u00a0<a href=\"http:\/\/www.computerbild.de\/download\/AirXoniX-6468.html\">AirXoniX<\/a><\/li>\n<li>Mal ein Spiel, das nicht zeitkritisch ist und f\u00fcr Steuerungsanf\u00e4nger gut geeignet sein k\u00f6nnte: <a href=\"http:\/\/www.chip.de\/downloads\/Sokoban-YASC_23375331.html\">Sokoban YASC<\/a><\/li>\n<li><a href=\"http:\/\/download.cnet.com\/New-Super-Mario-Forever-2012\/3000-7433_4-10344976.html\">Wer kennt es nicht?\u00a0New Super Mario Forever<\/a><\/li>\n<li><a href=\"http:\/\/www.chip.de\/downloads\/Space-Invaders_18756941.html\">Space Invaders<\/a><\/li>\n<li><a href=\"http:\/\/www.chip.de\/downloads\/Pacman_18756847.html?virec=30904928&amp;vipos=1\">&lt;PacMan<\/a><\/li>\n<li><a href=\"http:\/\/www.computerbild.de\/download\/TrackMania-Nations-Forever-5255769.html\">Trackmania Nations Forever<\/a><\/li>\n<li><a href=\"http:\/\/bluntbody.com\/whack-a-potato\/\">Ausf\u00fchrliche Anleitung f\u00fcr ein Kinderspiel\u00a0zum selber bauen<\/a><\/li>\n<li>Pong <a href=\"https:\/\/scratch.mit.edu\/projects\/10105317\/\">https:\/\/scratch.mit.edu\/projects\/10105317\/<\/a><\/li>\n<li>Flugzeugrennen <a href=\"https:\/\/scratch.mit.edu\/projects\/3190093\/\">https:\/\/scratch.mit.edu\/projects\/3190093\/<\/a><\/li>\n<li>Tetris <a href=\"http:\/\/www.freetetris.org\/game.php\">http:\/\/www.freetetris.org\/game.php<\/a><\/li>\n<li>Bongos <a href=\"http:\/\/makeymakey.com\/bongos\/\">http:\/\/makeymakey.com\/bongos\/<\/a><\/li>\n<li>Canbalt <a href=\"http:\/\/adamatomic.com\/canabalt\/\">http:\/\/adamatomic.com\/canabalt\/<\/a><\/li>\n<li>Irrgarten <a href=\"http:\/\/makeymakey.com\/guides\/maze.php\">http:\/\/makeymakey.com\/guides\/maze.php<\/a><\/li>\n<li><a href=\"https:\/\/youtu.be\/nWraLB7pQqs\">Spiel f\u00fcr ein Kinderzimmer<\/a><\/li>\n<li>MakeyMakeys in der <a href=\"https:\/\/youtu.be\/5XjZ2MFmYjk\">Turnhalle<\/a><\/li>\n<\/ul>\n","protected":false},"excerpt":{"rendered":"<p>[toc] Beschreibung Viel st\u00e4rker als bei den anderen medienp\u00e4dagogischen Ans\u00e4tzen steht bei dem Einsatz des Makey Makey das Machen bzw. das Erfinden im Mittelpunkt der T\u00e4tigkeit. Es beginnt meist mit einer vorgegebenen Installation, die durch Optimierungen so weit ver\u00e4ndert wird,<\/p>\n","protected":false},"author":1,"featured_media":0,"parent":68,"menu_order":0,"comment_status":"open","ping_status":"open","template":"","meta":{"footnotes":""},"class_list":["post-86","page","type-page","status-publish","hentry"],"_links":{"self":[{"href":"https:\/\/edublog.me\/mpa\/wp-json\/wp\/v2\/pages\/86","targetHints":{"allow":["GET"]}}],"collection":[{"href":"https:\/\/edublog.me\/mpa\/wp-json\/wp\/v2\/pages"}],"about":[{"href":"https:\/\/edublog.me\/mpa\/wp-json\/wp\/v2\/types\/page"}],"author":[{"embeddable":true,"href":"https:\/\/edublog.me\/mpa\/wp-json\/wp\/v2\/users\/1"}],"replies":[{"embeddable":true,"href":"https:\/\/edublog.me\/mpa\/wp-json\/wp\/v2\/comments?post=86"}],"version-history":[{"count":0,"href":"https:\/\/edublog.me\/mpa\/wp-json\/wp\/v2\/pages\/86\/revisions"}],"up":[{"embeddable":true,"href":"https:\/\/edublog.me\/mpa\/wp-json\/wp\/v2\/pages\/68"}],"wp:attachment":[{"href":"https:\/\/edublog.me\/mpa\/wp-json\/wp\/v2\/media?parent=86"}],"curies":[{"name":"wp","href":"https:\/\/api.w.org\/{rel}","templated":true}]}}