{"id":90,"date":"2015-08-25T00:23:54","date_gmt":"2015-08-24T22:23:54","guid":{"rendered":"http:\/\/medienpraxisabend.de\/?page_id=90"},"modified":"2015-08-25T00:23:54","modified_gmt":"2015-08-24T22:23:54","slug":"geocaching","status":"publish","type":"page","link":"https:\/\/edublog.me\/mpa\/stationen\/geocaching\/","title":{"rendered":"Geocaching"},"content":{"rendered":"<div class=\"alignright\">[toc]<\/div>\n<h2>Beschreibung<\/h2>\n<p>Ein Geocache ist in der Regel ein wasserdichter Beh\u00e4lter, in dem sich ein Logbuch sowie h\u00e4ufig auch verschiedene kleine Tauschgegenst\u00e4nde befinden. Der Besucher kann sich in das Logbuch eintragen, um seine erfolgreiche Suche zu dokumentieren. Anschlie\u00dfend wird der Geocache wieder an der Stelle versteckt, an der er zuvor gefunden wurde. Der Fund kann im Internet auf der zugeh\u00f6rigen Seite vermerkt und gegebenenfalls durch Fotos erg\u00e4nzt werden. So k\u00f6nnen auch andere Personen \u2013 insbesondere der Verstecker oder \u201eOwner\u201c (englisch f\u00fcr \u201eEigent\u00fcmer\u201c) \u2013 die Geschehnisse rund um den Geocache verfolgen. Wesentlich beim gesamten Such- und Tauschvorgang ist, dass von anderen anwesenden Personen das Vorhaben nicht erkannt wird und so der Cache Uneingeweihten verborgen bleibt.<\/p>\n<p><small>Quelle: <a href=\"http:\/\/de.wikipedia.org\/w\/index.php?title=Geocaching&amp;oldid=141717065\">Seite \u201eGeocaching\u201c<\/a>. In: Wikipedia, Die freie Enzyklop\u00e4die. Bearbeitungsstand: 3. Mai 2015, 08:40 UTC. (Abgerufen: 20. Mai 2015, 18:44 UTC)<\/small><\/p>\n<h2>Ziele<\/h2>\n<ul>\n<li>Kennenlernen von Geocaching<\/li>\n<li>Wie kann eine Schnitzeljagd mit Smartphones aussehen?<\/li>\n<li>Bewusste Wahrnehmung der Umgebung (Hier muss es irgendwo sein!).<\/li>\n<\/ul>\n<h2>Erforderliches Material<\/h2>\n<h3><a href=\"http:\/\/edublog.me\/mpa\/files\/2015\/08\/geocaching.jpg\"><img fetchpriority=\"high\" decoding=\"async\" class=\"alignright size-medium wp-image-170\" src=\"http:\/\/edublog.me\/mpa\/files\/2015\/08\/geocaching-300x200.jpg\" alt=\"geocaching\" width=\"300\" height=\"200\" srcset=\"https:\/\/edublog.me\/mpa\/files\/2015\/08\/geocaching-300x200.jpg 300w, https:\/\/edublog.me\/mpa\/files\/2015\/08\/geocaching-768x513.jpg 768w, https:\/\/edublog.me\/mpa\/files\/2015\/08\/geocaching.jpg 1024w\" sizes=\"(max-width: 300px) 100vw, 300px\" \/><\/a>Hardware<\/h3>\n<ul>\n<li>GPS-Ger\u00e4t<\/li>\n<li>Smartphone mit Geocaching App<\/li>\n<\/ul>\n<h3>Apps<\/h3>\n<ul>\n<li>Geocaching f\u00fcr <a href=\"https:\/\/itunes.apple.com\/us\/app\/geocaching-intro\/id329541503\">iOS<\/a> und <a href=\"https:\/\/market.android.com\/details?id=com.groundspeak.geocaching.intro\">Android<\/a><\/li>\n<li>Kostenlose Geocaching f\u00fcr <a href=\"https:\/\/play.google.com\/store\/apps\/details?id=cgeo.geocaching\">Android<\/a><\/li>\n<li>Actionbound f\u00fcr <a href=\"http:\/\/play.google.com\/store\/apps\/details?id=de.actionbound\">Android<\/a> und <a href=\"https:\/\/itunes.apple.com\/de\/app\/actionbound\/id582660833?mt=8\">iOS<\/a><\/li>\n<\/ul>\n<h2>Anleitung zur Umsetzung<\/h2>\n<p>Der Unterschied zwischen Actionbound und Geocaching ist schnell erkl\u00e4rt. Actionbound ist ein f\u00fcr p\u00e4dagogische Kontexte entwickeltes Autorensystem. Das hei\u00dft im Browser auf der Webseite actionbound.de k\u00f6nnen die Nutzenden selbst eine Schnitzeljagd erstellen. Anschlie\u00dfend ist das erfundene Spiel in der App auf dem Handy aufrufbar. Geocaching ist dagegen die weltweit gr\u00f6\u00dfte Datenbank f\u00fcr GPS-Schnitzeljagden. Die Sch\u00e4tze sind auch ohne eine App auffindbar.<\/p>\n<p>Ein Video sagt mehr als 1000 Worte. In diesem Fall haben die Kollegen Karsten Lucke und Anselm Sellen eine einfache Anleitung erstellt um einen eigenen Actionbound zu gestalten.<\/p>\n<h2>Hinweise<\/h2>\n<p>Actionbound ist f\u00fcr private Zwecke kostenlos nutzbar und l\u00e4sst sich z.B. bei Kindergeburtstagen nutzen.<\/p>\n<h3>Beispielhaftes Ergebnis<\/h3>\n<ul>\n<li>Ein Actionbound, der extra f\u00fcr einen Medien-Praxis-Abend erstellt wurde und auch zum jetzigen Zeitpunkt noch spielbar ist, finden sie unter <a href=\"https:\/\/de.actionbound.com\/bound\/gssawe\">https:\/\/de.actionbound.com\/bound\/gssawe<\/a><\/li>\n<\/ul>\n","protected":false},"excerpt":{"rendered":"<p>[toc] Beschreibung Ein Geocache ist in der Regel ein wasserdichter Beh\u00e4lter, in dem sich ein Logbuch sowie h\u00e4ufig auch verschiedene kleine Tauschgegenst\u00e4nde befinden. Der Besucher kann sich in das Logbuch eintragen, um seine erfolgreiche Suche zu dokumentieren. Anschlie\u00dfend wird der<\/p>\n","protected":false},"author":1,"featured_media":0,"parent":68,"menu_order":0,"comment_status":"open","ping_status":"open","template":"","meta":{"footnotes":""},"class_list":["post-90","page","type-page","status-publish","hentry"],"_links":{"self":[{"href":"https:\/\/edublog.me\/mpa\/wp-json\/wp\/v2\/pages\/90","targetHints":{"allow":["GET"]}}],"collection":[{"href":"https:\/\/edublog.me\/mpa\/wp-json\/wp\/v2\/pages"}],"about":[{"href":"https:\/\/edublog.me\/mpa\/wp-json\/wp\/v2\/types\/page"}],"author":[{"embeddable":true,"href":"https:\/\/edublog.me\/mpa\/wp-json\/wp\/v2\/users\/1"}],"replies":[{"embeddable":true,"href":"https:\/\/edublog.me\/mpa\/wp-json\/wp\/v2\/comments?post=90"}],"version-history":[{"count":0,"href":"https:\/\/edublog.me\/mpa\/wp-json\/wp\/v2\/pages\/90\/revisions"}],"up":[{"embeddable":true,"href":"https:\/\/edublog.me\/mpa\/wp-json\/wp\/v2\/pages\/68"}],"wp:attachment":[{"href":"https:\/\/edublog.me\/mpa\/wp-json\/wp\/v2\/media?parent=90"}],"curies":[{"name":"wp","href":"https:\/\/api.w.org\/{rel}","templated":true}]}}