{"id":96,"date":"2015-08-26T21:23:36","date_gmt":"2015-08-26T19:23:36","guid":{"rendered":"http:\/\/medienpraxisabend.de\/?page_id=96"},"modified":"2015-08-26T21:23:36","modified_gmt":"2015-08-26T19:23:36","slug":"ueber-uns","status":"publish","type":"page","link":"https:\/\/edublog.me\/mpa\/ueber-uns\/","title":{"rendered":"\u00dcber uns"},"content":{"rendered":"<p>Hallo, wir sind Guido und Ralf.<\/p>\n<p>Wir haben Kinder im Grundschulalter und experimentieren gerne mit aktuellen Medien. Wir haben in unterschiedlichen Momenten die Hilflosigkeit von Eltern erlebt, wie man welche Medien seinen Kindern zutrauen sollte und zu welchen unbefriedigenden L\u00f6sungen dies oft gef\u00fchrt hat.<\/p>\n<p>Aus unserem Berufsalltag waren wir es gewohnt Medien nicht nur zu konsumieren, sondern aktiv einzusetzen und sie so lange zu bearbeiten, bis sie unseren Bed\u00fcrfnissen entsprochen haben. Diese Freude am &#8220;Machen&#8221; wollten wir gerne weitergeben. Mehr dazu steht im <a href=\"http:\/\/medienpraxisabend.de\/index.php\/konzept\/\">Konzept<\/a>.<\/p>\n<p>[row]<br \/>\n[column lg=&#8221;6&#8243; md=&#8221;12&#8243; sm=&#8221;12&#8243; xs=&#8221;12&#8243; ]<br \/>\n[gravatar email=&#8221;gbrombach@gmail.com&#8221; and size=&#8221;180&#8243;]<\/p>\n<p><strong>Guido Brombach<\/strong><\/p>\n<p>Guido hat Diplom-P\u00e4dagogik an der Universit\u00e4t Duisburg-Essen studiert. Er arbeitet als Bildungsreferent f\u00fcr das DGB Bildungswerk. Dort ist er verantwortlich f\u00fcr den Bereich Digitale Kommunikation, Lernen und Medien. Er bem\u00fcht sich um die Harmonisierung zwischen der analogen und der digitalen Welt.<\/p>\n<p>Au\u00dferdem ist er Lehrbeauftragter an diversen Hochschulen.<\/p>\n<p>Guido ist der Erfinder der Medien-Praxis-Abende und hat das Konzept mit Studierenden in einer Lehrveranstaltung entwickelt.<\/p>\n<p>[button style=&#8221;btn-link btn-sm&#8221; icon=&#8221;glyphicon glyphicon-link&#8221; align=&#8221;left&#8221; type=&#8221;link&#8221; target=&#8221;false&#8221; title=&#8221;dotcomblog.de&#8221; link=&#8221;http:\/\/dotcomblog.de&#8221; linkrel=&#8221;&#8221;]<br \/>\n[\/column]<br \/>\n[column lg=&#8221;6&#8243; md=&#8221;12&#8243; sm=&#8221;12&#8243; xs=&#8221;12&#8243; ]<br \/>\n[gravatar email=&#8221;ralf@appelt.net&#8221; and size=&#8221;180&#8243;]<\/p>\n<p><strong>Ralf Appelt<\/strong><\/p>\n<p>Ralf hat Diplomp\u00e4dagogik und Psychologie in Hamburg studiert, wobei neben Personal- und Organisationsentwicklung der Schwerpunkt im Feld Erwachsenenbildung lag.<\/p>\n<p>Die Mitarbeit im Medienzentrum der Erziehungswissenschaft und die Auseinandersetzung mit digitalen Medien haben ihn veranlasst ein Masterstudium in \u00bbePedagogy Design \u2013 Visual Knowledge Building\u00ab an der Universit\u00e4t Helsinki zu absolvieren und zahlreiche Lehrerfortbildungen zum Thema Web 2.0 durchzuf\u00fchren.<\/p>\n<p>[button style=&#8221;btn-link btn-sm&#8221; icon=&#8221;glyphicon glyphicon-link&#8221; align=&#8221;left&#8221; type=&#8221;link&#8221; target=&#8221;false&#8221; title=&#8221;ralfappelt.de&#8221; link=&#8221;http:\/\/ralfappelt.de&#8221; linkrel=&#8221;&#8221;]<\/p>\n<p>[\/column]<br \/>\n[\/row]<\/p>\n","protected":false},"excerpt":{"rendered":"<p>Hallo, wir sind Guido und Ralf. Wir haben Kinder im Grundschulalter und experimentieren gerne mit aktuellen Medien. Wir haben in unterschiedlichen Momenten die Hilflosigkeit von Eltern erlebt, wie man welche Medien seinen Kindern zutrauen sollte und zu welchen unbefriedigenden L\u00f6sungen<\/p>\n","protected":false},"author":1,"featured_media":0,"parent":0,"menu_order":0,"comment_status":"open","ping_status":"open","template":"","meta":{"footnotes":""},"class_list":["post-96","page","type-page","status-publish","hentry"],"_links":{"self":[{"href":"https:\/\/edublog.me\/mpa\/wp-json\/wp\/v2\/pages\/96","targetHints":{"allow":["GET"]}}],"collection":[{"href":"https:\/\/edublog.me\/mpa\/wp-json\/wp\/v2\/pages"}],"about":[{"href":"https:\/\/edublog.me\/mpa\/wp-json\/wp\/v2\/types\/page"}],"author":[{"embeddable":true,"href":"https:\/\/edublog.me\/mpa\/wp-json\/wp\/v2\/users\/1"}],"replies":[{"embeddable":true,"href":"https:\/\/edublog.me\/mpa\/wp-json\/wp\/v2\/comments?post=96"}],"version-history":[{"count":0,"href":"https:\/\/edublog.me\/mpa\/wp-json\/wp\/v2\/pages\/96\/revisions"}],"wp:attachment":[{"href":"https:\/\/edublog.me\/mpa\/wp-json\/wp\/v2\/media?parent=96"}],"curies":[{"name":"wp","href":"https:\/\/api.w.org\/{rel}","templated":true}]}}