{"id":98,"date":"2015-08-26T21:23:55","date_gmt":"2015-08-26T19:23:55","guid":{"rendered":"http:\/\/medienpraxisabend.de\/?page_id=98"},"modified":"2015-08-26T21:23:55","modified_gmt":"2015-08-26T19:23:55","slug":"material","status":"publish","type":"page","link":"https:\/\/edublog.me\/mpa\/material\/","title":{"rendered":"Material"},"content":{"rendered":"<p><a href=\"http:\/\/edublog.me\/mpa\/files\/2015\/08\/einladung.jpg\"><img fetchpriority=\"high\" decoding=\"async\" class=\"alignright size-medium wp-image-178\" src=\"http:\/\/edublog.me\/mpa\/files\/2015\/08\/einladung-300x262.jpg\" alt=\"einladung\" width=\"300\" height=\"262\" srcset=\"https:\/\/edublog.me\/mpa\/files\/2015\/08\/einladung-300x262.jpg 300w, https:\/\/edublog.me\/mpa\/files\/2015\/08\/einladung-768x670.jpg 768w, https:\/\/edublog.me\/mpa\/files\/2015\/08\/einladung-1024x894.jpg 1024w, https:\/\/edublog.me\/mpa\/files\/2015\/08\/einladung.jpg 1195w\" sizes=\"(max-width: 300px) 100vw, 300px\" \/><\/a>Um das Rad nicht jedes Mal neu erfinden zu m\u00fcssen Teilen wir an dieser Stelle Materialien die bei der Organisation und Durchf\u00fchrung eines Medien-Praxis-Abends hilfreich sein k\u00f6nnen.<\/p>\n<ul>\n<li><a href=\"https:\/\/docs.google.com\/spreadsheets\/d\/1OHIRVhGPvjw-kZB-DP498T4XF4buG2dM8y9eLG6-Xsk\/edit?usp=sharing\">Materialliste<\/a> (Ohne Anspruch auf Vollst\u00e4ndigkeit!)<\/li>\n<li>Elterbrief zum\u00a0<a href=\"http:\/\/medienpraxisabend.de\/wp-content\/uploads\/2015\/08\/Medienpraxisabend.doc\">Medienpraxisabend<\/a>\u00a0(.doc)<\/li>\n<li>Beispielhafte <a href=\"http:\/\/edublog.me\/mpa\/files\/2015\/08\/mpa-gs-sawe.pdf\">Einladung<\/a> (.pdf)<\/li>\n<li><a href=\"https:\/\/docs.google.com\/forms\/d\/1JebxXq8852lbdds4X0-pTh929RmXzZA-L08HD3ImBSs\/viewform\">Vorlage<\/a> f\u00fcr eine Anmeldung<\/li>\n<li><a href=\"https:\/\/docs.google.com\/forms\/d\/1uar5pA7j6ca-4KiqxXtmHC-i3KC63NuYiUq55206w4E\/edit?usp=sharing\">Vorlage<\/a> f\u00fcr das Feedback eines Medienpraxisabends<\/li>\n<\/ul>\n<p><a href=\"http:\/\/creativecommons.org\/licenses\/by\/4.0\/\" rel=\"license\"><img decoding=\"async\" style=\"border-width: 0\" src=\"https:\/\/i.creativecommons.org\/l\/by\/4.0\/88x31.png\" alt=\"Creative Commons Lizenzvertrag\" \/><br \/>\nGilt f\u00fcr alle Texte und Idee, nicht aber f\u00fcr die Bilder<\/a>Medienpraxisabend von <a href=\"http:\/\/medienpraxisabend.de\" rel=\"cc:attributionURL\">Guido Brombach &amp; Ralf Appelt<\/a> ist lizenziert unter einer <a href=\"http:\/\/creativecommons.org\/licenses\/by\/4.0\/\" rel=\"license\">Creative Commons Namensnennung 4.0 International Lizenz<\/a>.<\/p>\n","protected":false},"excerpt":{"rendered":"<p>Um das Rad nicht jedes Mal neu erfinden zu m\u00fcssen Teilen wir an dieser Stelle Materialien die bei der Organisation und Durchf\u00fchrung eines Medien-Praxis-Abends hilfreich sein k\u00f6nnen. Materialliste (Ohne Anspruch auf Vollst\u00e4ndigkeit!) Elterbrief zum\u00a0Medienpraxisabend\u00a0(.doc) Beispielhafte Einladung (.pdf) Vorlage f\u00fcr eine<\/p>\n","protected":false},"author":1,"featured_media":0,"parent":0,"menu_order":0,"comment_status":"open","ping_status":"open","template":"","meta":{"footnotes":""},"class_list":["post-98","page","type-page","status-publish","hentry"],"_links":{"self":[{"href":"https:\/\/edublog.me\/mpa\/wp-json\/wp\/v2\/pages\/98","targetHints":{"allow":["GET"]}}],"collection":[{"href":"https:\/\/edublog.me\/mpa\/wp-json\/wp\/v2\/pages"}],"about":[{"href":"https:\/\/edublog.me\/mpa\/wp-json\/wp\/v2\/types\/page"}],"author":[{"embeddable":true,"href":"https:\/\/edublog.me\/mpa\/wp-json\/wp\/v2\/users\/1"}],"replies":[{"embeddable":true,"href":"https:\/\/edublog.me\/mpa\/wp-json\/wp\/v2\/comments?post=98"}],"version-history":[{"count":0,"href":"https:\/\/edublog.me\/mpa\/wp-json\/wp\/v2\/pages\/98\/revisions"}],"wp:attachment":[{"href":"https:\/\/edublog.me\/mpa\/wp-json\/wp\/v2\/media?parent=98"}],"curies":[{"name":"wp","href":"https:\/\/api.w.org\/{rel}","templated":true}]}}